{"id":5965,"date":"2022-06-28T11:27:09","date_gmt":"2022-06-28T09:27:09","guid":{"rendered":"https:\/\/www.caraveando.com\/unser-unternehmen\/"},"modified":"2025-11-19T16:03:26","modified_gmt":"2025-11-19T15:03:26","slug":"unser-unternehmen","status":"publish","type":"page","link":"https:\/\/www.caraveando.com\/de\/unser-unternehmen\/","title":{"rendered":"Unser Unternehmen"},"content":{"rendered":"<div class=\"wpb-content-wrapper\"><p>[vc_row full_width=&#8220;stretch_row_content_no_spaces&#8220; gap=&#8220;35&#8243; content_placement=&#8220;middle&#8220; css=&#8220;.vc_custom_1641578530285{padding-top: 5vh !important;padding-bottom: 5vh !important;background-image: url(https:\/\/www.caraveando.es\/wp-content\/uploads\/coche-exclusivo.jpg?id=2505) !important;}&#8220; el_class=&#8220;padding-mob cabecera&#8220;][vc_column width=&#8220;5\/12&#8243;][\/vc_column][vc_column width=&#8220;1\/2&#8243; css=&#8220;.vc_custom_1640105119234{padding-top: 40px !important;padding-right: 40px !important;padding-bottom: 40px !important;padding-left: 40px !important;background-color: rgba(255,255,255,0.7) !important;*background-color: rgb(255,255,255) !important;border-radius: 35px !important;}&#8220;][vc_column_text]<\/p>\n<h1 style=\"line-height: 1.2; font-size: 30px !important; font-weight: 700 !important; text-align: center;\">Wir m\u00f6chten, dass Sie Freude am Fahren haben<\/h1>\n<hr>\n<h2 style=\"text-align: center;\">Deshalb bieten wir Ihnen neben einem guten Auto auch einen komfortablen, zuverl\u00e4ssigen und schnellen Service.<\/h2>\n<p>[\/vc_column_text][vc_btn title=&#8220;Buchen Sie jetzt Ihr Auto&#8220; style=&#8220;outline-custom&#8220; outline_custom_color=&#8220;#ffffff&#8220; outline_custom_hover_background=&#8220;#333330&#8243; outline_custom_hover_text=&#8220;#ffffff&#8220; shape=&#8220;round&#8220; size=&#8220;lg&#8220; align=&#8220;center&#8220; css_animation=&#8220;bounceIn&#8220; button_block=&#8220;true&#8220; link=&#8220;url:https%3A%2F%2Fwww.caraveando.com%2Freservas-online%2F|&#8220; css=&#8220;.vc_custom_1647600614524{background-color: #ef6715 !important;border-radius: 35px !important;}&#8220;][\/vc_column][vc_column width=&#8220;1\/12&#8243;][\/vc_column][\/vc_row][vc_row full_width=&#8220;stretch_row_content_no_spaces&#8220; css=&#8220;.vc_custom_1641159054310{margin-top: 0px !important;padding-top: 2vh !important;padding-bottom: 5vh !important;background-color: #ffd9c6 !important;}&#8220; el_class=&#8220;padding-mob&#8220;][vc_column css=&#8220;.vc_custom_1639873979356{border-radius: 35px !important;}&#8220;][vc_row_inner equal_height=&#8220;yes&#8220; gap=&#8220;35&#8243; css=&#8220;.vc_custom_1639010483910{padding-right: 40px !important;padding-left: 40px !important;}&#8220;][vc_column_inner width=&#8220;1\/3&#8243; css=&#8220;.vc_custom_1641153412240{padding-right: 30px !important;padding-left: 30px !important;background-color: #ffffff !important;border-radius: 35px !important;}&#8220;][vc_column_text css_animation=&#8220;bounceInLeft&#8220;]<\/p>\n<h2 style=\"text-align: center;\">Gem\u00fctlich<\/h2>\n<p style=\"text-align: center;\">Wir passen uns Ihnen an statt Sie an uns.<br \/>\nWir bieten die M\u00f6glichkeit, das Auto zur gew\u00fcnschten Zeit an den gew\u00fcnschten Ort zu liefern und\/oder abzuholen.<\/p>\n<p>[\/vc_column_text][\/vc_column_inner][vc_column_inner width=&#8220;1\/3&#8243; css=&#8220;.vc_custom_1641153401132{padding-right: 30px !important;padding-left: 30px !important;background-color: #ffffff !important;border-radius: 35px !important;}&#8220;][vc_column_text css_animation=&#8220;bounceInUp&#8220;]<\/p>\n<h2 style=\"text-align: center;\">Schnell<\/h2>\n<p style=\"text-align: center;\">Wir wissen, dass Sie es hassen, Ihre Zeit in sinnlosen Warteschlangen und Wartezeiten zu verschwenden.<br \/>\nMit unserem 100 % digitalen Prozess erfolgen Lieferungen und R\u00fccksendungen per Express.<\/p>\n<p>[\/vc_column_text][\/vc_column_inner][vc_column_inner width=&#8220;1\/3&#8243; css=&#8220;.vc_custom_1641153421569{padding-right: 30px !important;padding-left: 30px !important;background-color: #ffffff !important;border-radius: 35px !important;}&#8220;][vc_column_text css_animation=&#8220;bounceInRight&#8220;]<\/p>\n<h2 style=\"text-align: center;\">zuverl\u00e4ssig<\/h2>\n<p style=\"text-align: center;\">Wir sind p\u00fcnktlich und liefern das Auto in optimalen Bedingungen.<br \/>\nUnd es ist so, dass alle unsere Fahrzeuge regelm\u00e4\u00dfig \u00fcberpr\u00fcft werden und nach jedem Service einen gr\u00fcndlichen Reinigungsprozess durchlaufen.<\/p>\n<p>[\/vc_column_text][\/vc_column_inner][\/vc_row_inner][\/vc_column][\/vc_row][vc_row full_width=&#8220;stretch_row_content&#8220; css=&#8220;.vc_custom_1641235350728{margin-top: 0px !important;padding-top: 2vh !important;padding-right: 0px !important;background-image: url(https:\/\/www.caraveando.es\/wp-content\/uploads\/quien-somos2.jpg?id=2703) !important;}&#8220; el_class=&#8220;padding-mob&#8220; el_id=&#8220;Bezeichnung&#8220;][vc_column width=&#8220;2\/3&#8243; el_class=&#8220;columna-fondo&#8220; css=&#8220;.vc_custom_1641158685933{background-color: rgba(255,255,255,0.6) !important;*background-color: rgb(255,255,255) !important;}&#8220;][vc_column_text css_animation=&#8220;none&#8220; el_class=&#8220;resp-text2&#8243;]<\/p>\n<h2>Hallo, wir sind Caraveando, eine Autovermietung, die es schafft, die Erwartungen ihrer Kunden zu erf\u00fcllen.<\/h2>\n<p>Caraveando wurde von Hugo gegr\u00fcndet, einem Polen der Nationalit\u00e4t und einem Deutschen durch Adoption. Ein unternehmungslustiger Mensch, der seine Karriere als <strong>Mechaniker<\/strong> begann. Bis er es satt hatte, immer Fett unter seinen N\u00e4geln zu haben (es ging nicht weg, egal wie oft er sich wusch) und er beschloss, sein Leben zu \u00e4ndern.<\/p>\n<p>Er ging nach Belgien, um im Familienunternehmen seinen Onkels zu helfen. Er widmete sich dem Gie\u00dfen von Dekorationsst\u00fccken, die seine Verwandten sp\u00e4ter bemalten und verkauften.<\/p>\n<p>Das war die erste von einigen weiteren Ver\u00e4nderungen, die ihn schlie\u00dflich in den Urlaub an die Costa Brava f\u00fchrten. Dort verliebte er sich. Das Wetter, das Essen und die Lebhaftigkeit der Menschen. Das ist, was normalerweise Ausl\u00e4nder verf\u00fchrt, die Spanien entdecken.<\/p>\n<p>Tats\u00e4chlich versprach er sich w\u00e4hrend dieser Reise, dass er eines Tages in dieses Land ziehen w\u00fcrde.<\/p>\n<p>Vor f\u00fcnf Jahren konnte er dieses Versprechen halten. Er landete in Barcelona und tat, was viele Ausl\u00e4nder tun: Er gr\u00fcndete seine eigene Firma.<\/p>\n<p>Am Anfang war es Wohnwagenvermietung. Frustrierend fand er jedoch, dass diese Fahrzeuge trotz gro\u00dfer Sorgfalt immer wieder technische Probleme hatten. Es hinderte ihn daran, das anzubieten, was er wollte: <strong>zuverl\u00e4ssige Fahrzeuge, die das Mieten zu einem unglaublichen Erlebnis machten<\/strong> .<\/p>\n<p>So entschloss er sich, auf Autos umzusteigen. Zu seiner Leidenschaft. Und er hatte recht. Denn er bot nicht nur zuverl\u00e4ssige Fahrzeuge, sondern auch Autos, die Spa\u00df machen an.<\/p>\n<p>So erweiterte er nach und nach und mit gro\u00dfer Sorgfalt seinen Fahrzeugbestand.<\/p>\n<p>Suchen Sie nach Autos verschiedener Stile und Typen, die der Pers\u00f6nlichkeit jedes Fahrers entsprechen. Eleganz, sportliche Seele, Vielseitigkeit.<\/p>\n<p><strong>Sein Anspruch ist es, ein Fahrzeug anzubieten, mit der sich Caraveando-Kunden identifizieren k\u00f6nnen.<\/strong>[\/vc_column_text][\/vc_column][vc_column width=&#8220;1\/3&#8243;][\/vc_column][\/vc_row][vc_row full_width=&#8220;stretch_row_content&#8220; css=&#8220;.vc_custom_1643794709386{padding-top: 5vh !important;padding-bottom: 10vh !important;background-color: #ffd9c6 !important;}&#8220; el_class=&#8220;padding-mob&#8220; el_id=&#8220;Bezeichnung&#8220;][vc_column el_class=&#8220;columna-fondo&#8220;][vc_column_text el_class=&#8220;resp-text2&#8243;]<\/p>\n<h2 style=\"text-align: center;\">Denn wir von Caraveando m\u00f6chten, dass Sie Spa\u00df und Freude am Fahren haben.<\/h2>\n<p style=\"text-align: center;\"><strong>Aus diesem Grund ist unser Fahrzeugbestand klein, sodass wir garantieren, dass sie immer in optimalem Zustand sind.<\/strong><\/p>\n<p style=\"text-align: center;\"><strong>Auch aus diesem Grund bieten wir einen tollen Service.<\/strong><\/p>\n<p>[\/vc_column_text][vc_custom_heading text=&#8220;Bequem und schnell.&#8220; font_container=&#8220;tag:div|font_size:50|text_align:center|color:%23de3333&#8243; google_fonts=&#8220;font_family:Qwigley%3Aregular|font_style:400%20regular%3A400%3Anormal&#8220; css_animation=&#8220;fadeInUp&#8220;][\/vc_column][\/vc_row][vc_row full_width=&#8220;stretch_row_content&#8220; css=&#8220;.vc_custom_1641161398005{margin-top: 0px !important;padding-top: 2vh !important;padding-right: 0px !important;padding-bottom: 5vh !important;}&#8220; el_class=&#8220;padding-mob&#8220; el_id=&#8220;Bezeichnung&#8220;][vc_column el_class=&#8220;columna-fondo&#8220;][vc_column_text el_class=&#8220;resp-text2&#8243;]<\/p>\n<h2>Und wir sind stolz darauf:<\/h2>\n<p>[\/vc_column_text][vc_row_inner][vc_column_inner width=&#8220;1\/4&#8243;][vc_single_image image=&#8220;2710&#8243; img_size=&#8220;100&#215;100&#8243; alignment=&#8220;center&#8220; css_animation=&#8220;zoomIn&#8220;][\/vc_column_inner][vc_column_inner width=&#8220;3\/4&#8243;][vc_column_text]<\/p>\n<h3>transparent<\/h3>\n<p>Wir erkl\u00e4ren ausf\u00fchrlich unsere Preise, Extras, Versicherungen usw. Damit klar ist, wie viel Sie zahlen werden.[\/vc_column_text][\/vc_column_inner][\/vc_row_inner][vc_row_inner rtl_reverse=&#8220;yes&#8220;][vc_column_inner width=&#8220;1\/4&#8243;][vc_single_image image=&#8220;2727&#8243; img_size=&#8220;120&#215;120&#8243; alignment=&#8220;center&#8220; css_animation=&#8220;zoomIn&#8220;][\/vc_column_inner][vc_column_inner width=&#8220;3\/4&#8243;][vc_column_text]<\/p>\n<h3>ehrlich<\/h3>\n<p>Wir machen Fotos, die den Zustand des Autos und den F\u00fcllstand des Kraftstofftanks zeigen, und senden Ihnen eine Kopie zu. Sowohl bei der Lieferung als auch bei der R\u00fccksendung.[\/vc_column_text][\/vc_column_inner][\/vc_row_inner][vc_row_inner rtl_reverse=&#8220;yes&#8220;][vc_column_inner width=&#8220;1\/4&#8243;][\/vc_column_inner][vc_column_inner width=&#8220;3\/4&#8243;][vc_column_text el_class=&#8220;resp-text2&#8243;]<\/p>\n<h2>Wir wissen, dass Details wichtig sind.<\/h2>\n<p>[\/vc_column_text][\/vc_column_inner][\/vc_row_inner][\/vc_column][\/vc_row][vc_row full_width=&#8220;stretch_row_content_no_spaces&#8220; gap=&#8220;35&#8243; content_placement=&#8220;top&#8220; parallax=&#8220;content-moving&#8220; parallax_speed_bg=&#8220;1.6&#8243; el_class=&#8220;padding-mob&#8220; css=&#8220;.vc_custom_1641164874012{margin-top: 0px !important;padding-bottom: 8vh !important;background-color: #ffaf7a !important;}&#8220;][vc_column width=&#8220;1\/6&#8243;][\/vc_column][vc_column width=&#8220;2\/3&#8243; css=&#8220;.vc_custom_1641164824498{border-radius: 35px !important;}&#8220;][vc_column_text css=&#8220;.vc_custom_1641164537913{padding-top: 0px !important;}&#8220;]<\/p>\n<h2 style=\"text-align: center;\">Vergessen Sie Stress, Warteschlangen und Kleingedrucktes. Genie\u00dfen Sie Ihren Mietwagen bei einem zuverl\u00e4ssigen Unternehmen.<\/h2>\n<p>[\/vc_column_text][vc_btn title=&#8220;Buchen Sie jetzt ein Auto&#8220; style=&#8220;outline-custom&#8220; outline_custom_color=&#8220;#ffffff&#8220; outline_custom_hover_background=&#8220;#333330&#8243; outline_custom_hover_text=&#8220;#ffffff&#8220; shape=&#8220;round&#8220; size=&#8220;lg&#8220; align=&#8220;center&#8220; css_animation=&#8220;bounceIn&#8220; button_block=&#8220;true&#8220; link=&#8220;url:https%3A%2F%2Fwww.caraveando.com%2Freservas-online%2F|&#8220; css=&#8220;.vc_custom_1647600645872{background-color: #ef6715 !important;border-radius: 35px !important;}&#8220;][\/vc_column][vc_column width=&#8220;1\/6&#8243;][\/vc_column][\/vc_row]<\/p>\n<\/div>","protected":false},"excerpt":{"rendered":"<p>[vc_row full_width=&#8220;stretch_row_content_no_spaces&#8220; gap=&#8220;35&#8243; content_placement=&#8220;middle&#8220; css=&#8220;.vc_custom_1641578530285{padding-top: 5vh !important;padding-bottom: 5vh !important;background-image: url(https:\/\/www.caraveando.es\/wp-content\/uploads\/coche-exclusivo.jpg?id=2505) !important;}&#8220; el_class=&#8220;padding-mob cabecera&#8220;][vc_column width=&#8220;5\/12&#8243;][\/vc_column][vc_column width=&#8220;1\/2&#8243; css=&#8220;.vc_custom_1640105119234{padding-top: 40px !important;padding-right: 40px !important;padding-bottom: 40px !important;padding-left: 40px !important;background-color: rgba(255,255,255,0.7) !important;*background-color: rgb(255,255,255) !important;border-radius: 35px !important;}&#8220;][vc_column_text] Wir m\u00f6chten, dass Sie Freude am Fahren haben Deshalb bieten wir Ihnen neben einem guten Auto auch einen komfortablen, zuverl\u00e4ssigen und schnellen Service. [\/vc_column_text][vc_btn title=&#8220;Buchen [&hellip;]<\/p>\n","protected":false},"author":12,"featured_media":4578,"parent":0,"menu_order":0,"comment_status":"closed","ping_status":"closed","template":"homepage.php","meta":{"footnotes":""},"class_list":["post-5965","page","type-page","status-publish","has-post-thumbnail","hentry"],"_links":{"self":[{"href":"https:\/\/www.caraveando.com\/de\/wp-json\/wp\/v2\/pages\/5965","targetHints":{"allow":["GET"]}}],"collection":[{"href":"https:\/\/www.caraveando.com\/de\/wp-json\/wp\/v2\/pages"}],"about":[{"href":"https:\/\/www.caraveando.com\/de\/wp-json\/wp\/v2\/types\/page"}],"author":[{"embeddable":true,"href":"https:\/\/www.caraveando.com\/de\/wp-json\/wp\/v2\/users\/12"}],"replies":[{"embeddable":true,"href":"https:\/\/www.caraveando.com\/de\/wp-json\/wp\/v2\/comments?post=5965"}],"version-history":[{"count":1,"href":"https:\/\/www.caraveando.com\/de\/wp-json\/wp\/v2\/pages\/5965\/revisions"}],"predecessor-version":[{"id":13283,"href":"https:\/\/www.caraveando.com\/de\/wp-json\/wp\/v2\/pages\/5965\/revisions\/13283"}],"wp:featuredmedia":[{"embeddable":true,"href":"https:\/\/www.caraveando.com\/de\/wp-json\/wp\/v2\/media\/4578"}],"wp:attachment":[{"href":"https:\/\/www.caraveando.com\/de\/wp-json\/wp\/v2\/media?parent=5965"}],"curies":[{"name":"wp","href":"https:\/\/api.w.org\/{rel}","templated":true}]}}