{"id":5930,"date":"2022-06-28T11:14:30","date_gmt":"2022-06-28T09:14:30","guid":{"rendered":"https:\/\/www.caraveando.com\/kontakt\/"},"modified":"2025-11-19T16:03:01","modified_gmt":"2025-11-19T15:03:01","slug":"kontakt","status":"publish","type":"page","link":"https:\/\/www.caraveando.com\/de\/kontakt\/","title":{"rendered":"Kontakt"},"content":{"rendered":"<div class=\"wpb-content-wrapper\"><p>[vc_row full_width=&#8220;stretch_row_content_no_spaces&#8220; gap=&#8220;35&#8243; content_placement=&#8220;middle&#8220; css=&#8220;.vc_custom_1641399234153{padding-top: 10vh !important;padding-bottom: 10vh !important;background-image: url(https:\/\/www.caraveando.es\/wp-content\/uploads\/llamanos.jpg?id=2742) !important;}&#8220; el_class=&#8220;padding-mob cabecera&#8220;][vc_column width=&#8220;1\/12&#8243;][\/vc_column][vc_column width=&#8220;1\/2&#8243; css=&#8220;.vc_custom_1641399297100{padding-top: 40px !important;padding-right: 40px !important;padding-bottom: 40px !important;padding-left: 40px !important;background-color: rgba(255,255,255,0.75) !important;*background-color: rgb(255,255,255) !important;border-radius: 35px !important;}&#8220;][vc_column_text css=&#8220;.vc_custom_1641399150160{margin-bottom: 0px !important;}&#8220;]<\/p>\n<h1 style=\"line-height: 1.2; font-size: 30px !important; font-weight: 700 !important; text-align: center;\">Sprechen Sie mit uns<\/h1>\n<p>[\/vc_column_text][\/vc_column][vc_column width=&#8220;5\/12&#8243;][\/vc_column][\/vc_row][vc_row full_width=&#8220;stretch_row_content&#8220; css=&#8220;.vc_custom_1641339798407{margin-top: 0px !important;padding-top: 2vh !important;padding-right: 0px !important;padding-bottom: 5vh !important;background-image: url(https:\/\/www.caraveando.es\/wp-content\/uploads\/contact.jpg?id=2739) !important;}&#8220; el_class=&#8220;padding-mob&#8220; el_id=&#8220;Daten&#8220;][vc_column width=&#8220;1\/12&#8243; el_class=&#8220;columna-fondo&#8220;][\/vc_column][vc_column width=&#8220;2\/3&#8243; el_id=&#8220;datos&#8220;][vc_row_inner content_placement=&#8220;middle&#8220;][vc_column_inner width=&#8220;1\/4&#8243;][vc_single_image image=&#8220;2744&#8243; img_size=&#8220;80&#215;80&#8243; el_class=&#8220;reduced-margin&#8220;][\/vc_column_inner][vc_column_inner width=&#8220;3\/4&#8243;][vc_column_text css=&#8220;.vc_custom_1641251533601{padding-bottom: 20px !important;}&#8220;]<\/p>\n<h2>Telefon und WhatsApp:<\/h2>\n<p>Von Montag bis Freitag au\u00dfer an Feiertagen.<br \/>\nMorgens von 10:00 bis 12:00 Uhr.<br \/>\nNachmittags von 14:00 bis 17:00 Uhr<br \/>\n<span style=\"color: #3366ff;\"><a style=\"color: #3366ff;\" href=\"tel:+34680554096\">(+34) 680 554 096<\/a><\/span>[\/vc_column_text][\/vc_column_inner][\/vc_row_inner][vc_row_inner content_placement=&#8220;middle&#8220;][vc_column_inner width=&#8220;1\/4&#8243;][vc_single_image image=&#8220;2746&#8243; img_size=&#8220;80&#215;80&#8243; el_class=&#8220;reduced-margin&#8220;][\/vc_column_inner][vc_column_inner width=&#8220;3\/4&#8243;][vc_column_text css=&#8220;.vc_custom_1641249280564{margin-bottom: 20px !important;padding-bottom: 20px !important;}&#8220;]<\/p>\n<h2>Kontakt E-mail<\/h2>\n<p>Wir antworten Ihnen in weniger als 48 Stunden.<br \/>\ninfo[@]caraveando.com[\/vc_column_text][\/vc_column_inner][\/vc_row_inner][vc_row_inner content_placement=&#8220;middle&#8220;][vc_column_inner width=&#8220;1\/4&#8243;][vc_single_image image=&#8220;2748&#8243; img_size=&#8220;80&#215;80&#8243; el_class=&#8220;reduced-margin&#8220;][\/vc_column_inner][vc_column_inner width=&#8220;3\/4&#8243;][vc_column_text]<\/p>\n<h2>24\/7-Hotline<\/h2>\n<p>F\u00fcr Kunden, die einen Zwischenfall mit dem Mietwagen l\u00f6sen m\u00fcssen<br \/>\n<span style=\"color: #3366ff;\"><a style=\"color: #3366ff;\" href=\"tel:+34680554096\">(+34) 680 554 096<\/a><\/span>[\/vc_column_text][\/vc_column_inner][\/vc_row_inner][\/vc_column][vc_column width=&#8220;1\/4&#8243;][\/vc_column][\/vc_row][vc_row full_width=&#8220;stretch_row_content&#8220; css=&#8220;.vc_custom_1641402282062{margin-top: 0px !important;padding-top: 2vh !important;padding-bottom: 5vh !important;background-color: #fffffF !important;}&#8220; el_class=&#8220;padding-mob&#8220;][vc_column][vc_row_inner content_placement=&#8220;middle&#8220;][vc_column_inner width=&#8220;1\/12&#8243;][\/vc_column_inner][vc_column_inner width=&#8220;5\/6&#8243;][vc_column_text css=&#8220;.vc_custom_1641252724276{padding-bottom: 20px !important;}&#8220;]<\/p>\n<h2 style=\"text-align: center;\">Wir haben 4 Abhol- und Lieferorte als Alternative zur personalisierten Adresse (wir kommen wohin Sie wollen)<\/h2>\n<p>[\/vc_column_text][\/vc_column_inner][vc_column_inner width=&#8220;1\/12&#8243;][\/vc_column_inner][\/vc_row_inner][vc_row_inner content_placement=&#8220;top&#8220; el_id=&#8220;datos&#8220;][vc_column_inner width=&#8220;1\/12&#8243;][\/vc_column_inner][vc_column_inner width=&#8220;1\/2&#8243;][vc_column_text css=&#8220;.vc_custom_1641651603271{margin-bottom: 10px !important;}&#8220;]<\/p>\n<h2>Caraveando-Vermietung<\/h2>\n<p>Passeig Timo 6 &#8211; 08860, Castelldefels (Barcelona)<br \/>\nAbholungen <span style=\"font-weight: 400;\">und Lieferungen<\/span> : Montag bis Sonntag &#8211; von 9:00 bis 21:00 Uhr<br \/>\nAu\u00dferhalb der Gesch\u00e4ftszeiten Zuschlag: 40 \u20ac[\/vc_column_text][\/vc_column_inner][vc_column_inner width=&#8220;1\/3&#8243;][vc_gmaps link=&#8220;#E-8_JTNDaWZyYW1lJTIwc3JjJTNEJTIyaHR0cHMlM0ElMkYlMkZ3d3cuZ29vZ2xlLmNvbSUyRm1hcHMlMkZlbWJlZCUzRnBiJTNEJTIxMW0xOCUyMTFtMTIlMjExbTMlMjExZDExMTkxLjk0MjM3ODc4MjEwMiUyMTJkMS45NDk0NjI1ODg3MDYwNjc1JTIxM2Q0MS4yNjk1NDU5MjQyMDM1MDYlMjEybTMlMjExZjAlMjEyZjAlMjEzZjAlMjEzbTIlMjExaTEwMjQlMjEyaTc2OCUyMTRmMTMuMSUyMTNtMyUyMTFtMiUyMTFzMHgxMmE0ODI5ZDMyYTdhYTYzJTI1M0EweGFlYzgzZjk1NmUxYmE4NDklMjEyc1Bhc3NlaWclMjUyMGRlbCUyNTIwVGltJTI1QzMlMjVCMyUyNTJDJTI1MjA2JTI1MkMlMjUyMDA4ODYwJTI1MjBDYXN0ZWxsZGVmZWxzJTI1MkMlMjUyMEJhcmNlbG9uYSUyNTJDJTI1MjBTcGFnbmElMjE1ZTAlMjEzbTIlMjExc2l0JTIxMnNpdCUyMTR2MTY0MTI1MzA3NjgyMiUyMTVtMiUyMTFzaXQlMjEyc2l0JTIyJTIwd2lkdGglM0QlMjIzNTAlMjIlMjBoZWlnaHQlM0QlMjIyMDAlMjIlMjBzdHlsZSUzRCUyMmJvcmRlciUzQTAlM0IlMjIlMjBhbGxvd2Z1bGxzY3JlZW4lM0QlMjIlMjIlMjBsb2FkaW5nJTNEJTIybGF6eSUyMiUzRSUzQyUyRmlmcmFtZSUzRQ==&#8220;][\/vc_column_inner][vc_column_inner width=&#8220;1\/12&#8243;][\/vc_column_inner][\/vc_row_inner][vc_row_inner content_placement=&#8220;top&#8220; el_id=&#8220;datos&#8220;][vc_column_inner width=&#8220;1\/12&#8243;][\/vc_column_inner][vc_column_inner width=&#8220;1\/2&#8243;][vc_column_text css=&#8220;.vc_custom_1641803573055{margin-bottom: 10px !important;}&#8220;]<\/p>\n<h2>Flughafen BCN &#8211; Terminal 1<br \/>\n(ExpressT1)<\/h2>\n<p>Abholungen und Lieferungen: Montag bis Sonntag &#8211; von 9:00 bis 21:00 Uhr<br \/>\nAu\u00dferhalb der Gesch\u00e4ftszeiten Zuschlag: 40 \u20ac[\/vc_column_text][\/vc_column_inner][vc_column_inner width=&#8220;1\/3&#8243;][vc_gmaps link=&#8220;#E-8_JTNDaWZyYW1lJTIwc3JjJTNEJTIyaHR0cHMlM0ElMkYlMkZ3d3cuZ29vZ2xlLmNvbSUyRm1hcHMlMkZlbWJlZCUzRnBiJTNEJTIxMW0xOCUyMTFtMTIlMjExbTMlMjExZDI5OTcuOTk4MTI5MjY0MTc1JTIxMmQyLjA2ODEwNDkwMjY3NzI2NyUyMTNkNDEuMjg3MTQ1MTc5MjY5JTIxMm0zJTIxMWYwJTIxMmYwJTIxM2YwJTIxM20yJTIxMWkxMDI0JTIxMmk3NjglMjE0ZjEzLjElMjEzbTMlMjExbTIlMjExczB4MTJhNDlmZWEyYmZmZGQzZCUyNTNBMHg1NzRkOGYyOTYxYjFiZjIwJTIxMnNQYXJraW5nJTI1MjBleHByZXNzJTI1MjBUMSUyMTVlMCUyMTNtMiUyMTFzaXQlMjEyc2l0JTIxNHYxNjQxMjU1ODE3OTU3JTIxNW0yJTIxMXNpdCUyMTJzaXQlMjIlMjB3aWR0aCUzRCUyMjM1MCUyMiUyMGhlaWdodCUzRCUyMjIwMCUyMiUyMHN0eWxlJTNEJTIyYm9yZGVyJTNBMCUzQiUyMiUyMGFsbG93ZnVsbHNjcmVlbiUzRCUyMiUyMiUyMGxvYWRpbmclM0QlMjJsYXp5JTIyJTNFJTNDJTJGaWZyYW1lJTNF&#8220;][\/vc_column_inner][vc_column_inner width=&#8220;1\/12&#8243;][\/vc_column_inner][\/vc_row_inner][vc_row_inner content_placement=&#8220;top&#8220; el_id=&#8220;datos&#8220;][vc_column_inner width=&#8220;1\/12&#8243;][\/vc_column_inner][vc_column_inner width=&#8220;1\/2&#8243;][vc_column_text css=&#8220;.vc_custom_1641651819604{margin-bottom: 10px !important;}&#8220;]<\/p>\n<h2>Flughafen BCN &#8211; Terminal 2<br \/>\n(ExpressT2)<\/h2>\n<p>Abholungen und Lieferungen: Montag bis Sonntag &#8211; von 9:00 bis 21:00 Uhr<br \/>\nAu\u00dferhalb der Gesch\u00e4ftszeiten Zuschlag: 40 \u20ac[\/vc_column_text][\/vc_column_inner][vc_column_inner width=&#8220;1\/3&#8243;][vc_gmaps link=&#8220;#E-8_JTNDaWZyYW1lJTIwc3JjJTNEJTIyaHR0cHMlM0ElMkYlMkZ3d3cuZ29vZ2xlLmNvbSUyRm1hcHMlMkZlbWJlZCUzRnBiJTNEJTIxMW0xOCUyMTFtMTIlMjExbTMlMjExZDExOTkwLjExNTQ0OTg3NzkzOCUyMTJkMi4wNjI5OTIwNzcxNDQ0MDI0JTIxM2Q0MS4yOTczNTcxODc4Mjc3NCUyMTJtMyUyMTFmMCUyMTJmMCUyMTNmMCUyMTNtMiUyMTFpMTAyNCUyMTJpNzY4JTIxNGYxMy4xJTIxM20zJTIxMW0yJTIxMXMweDEyYTQ5ZjI5MWE0YjkyN2IlMjUzQTB4YTBlMGIyNjZiMTM2MjU3MSUyMTJzUGFya2luZyUyNTIwZXhwcmVzcyUyNTIwVDIlMjUyMC0lMjUyMEFlcm9wdWVydG8lMjUyMGRlJTI1MjBKb3NlcCUyNTIwVGFycmFkZWxsYXMlMjUyMEJhcmNlbG9uYS1FbCUyNTIwUHJhdCUyNTIwJTI4QkNOJTI5JTIxNWUwJTIxM20yJTIxMXNpdCUyMTJzaXQlMjE0djE2NDEyNTU5Mjk4ODElMjE1bTIlMjExc2l0JTIxMnNpdCUyMiUyMHdpZHRoJTNEJTIyMzUwJTIyJTIwaGVpZ2h0JTNEJTIyMjAwJTIyJTIwc3R5bGUlM0QlMjJib3JkZXIlM0EwJTNCJTIyJTIwYWxsb3dmdWxsc2NyZWVuJTNEJTIyJTIyJTIwbG9hZGluZyUzRCUyMmxhenklMjIlM0UlM0MlMkZpZnJhbWUlM0U=&#8220;][\/vc_column_inner][vc_column_inner width=&#8220;1\/12&#8243;][\/vc_column_inner][\/vc_row_inner][vc_row_inner content_placement=&#8220;top&#8220; el_id=&#8220;datos&#8220;][vc_column_inner width=&#8220;1\/12&#8243;][\/vc_column_inner][vc_column_inner width=&#8220;1\/2&#8243;][vc_column_text css=&#8220;.vc_custom_1641651631847{margin-bottom: 10px !important;}&#8220;]<\/p>\n<h2>Caraveando Sant Boi De Llobregat<\/h2>\n<p>Carrer Mossen Antoni Solanas 65, Saint Boi De Llobregat (Barcelona)<br \/>\nAbholungen und Lieferungen:<br \/>\nMontag bis Freitag &#8211; von 8:00-19:00<br \/>\nSamstag und Sonntag &#8211; von 8:00 bis 12:00 Uhr<br \/>\nAu\u00dferhalb der Gesch\u00e4ftszeiten Zuschlag: 40 \u20ac[\/vc_column_text][\/vc_column_inner][vc_column_inner width=&#8220;1\/3&#8243;][vc_gmaps link=&#8220;#E-8_JTNDaWZyYW1lJTIwc3JjJTNEJTIyaHR0cHMlM0ElMkYlMkZ3d3cuZ29vZ2xlLmNvbSUyRm1hcHMlMkZlbWJlZCUzRnBiJTNEJTIxMW0xOCUyMTFtMTIlMjExbTMlMjExZDI5OTUuNjkzNDU3MzI1MDM2NCUyMTJkMi4wNDE1NDM3NTA4NDE1Mzc3JTIxM2Q0MS4zMzcyNzg3MDY5NjE0JTIxMm0zJTIxMWYwJTIxMmYwJTIxM2YwJTIxM20yJTIxMWkxMDI0JTIxMmk3NjglMjE0ZjEzLjElMjEzbTMlMjExbTIlMjExczB4MTJhNDljNzM5MDEzMjg5NSUyNTNBMHhmMzVhOWI5NmJkMDZhMTgzJTIxMnNDYXJyZXIlMjUyME1vc3MlMjVDMyUyNUE4biUyNTIwQW50b25pJTI1MjBTb2xhbmFzJTI1MkMlMjUyMDY1JTI1MkMlMjUyMDA4ODMwJTI1MjBTYW50JTI1MjBCb2klMjUyMGRlJTI1MjBMbG9icmVnYXQlMjUyQyUyNTIwQmFyY2Vsb25hJTI1MkMlMjUyMFNwYWduYSUyMTVlMCUyMTNtMiUyMTFzaXQlMjEyc2l0JTIxNHYxNjQxMjU0NTkyNDk5JTIxNW0yJTIxMXNpdCUyMTJzaXQlMjIlMjB3aWR0aCUzRCUyMjM1MCUyMiUyMGhlaWdodCUzRCUyMjIwMCUyMiUyMHN0eWxlJTNEJTIyYm9yZGVyJTNBMCUzQiUyMiUyMGFsbG93ZnVsbHNjcmVlbiUzRCUyMiUyMiUyMGxvYWRpbmclM0QlMjJsYXp5JTIyJTNFJTNDJTJGaWZyYW1lJTNF&#8220;][\/vc_column_inner][vc_column_inner width=&#8220;1\/12&#8243;][\/vc_column_inner][\/vc_row_inner][\/vc_column][\/vc_row][vc_row full_width=&#8220;stretch_row_content&#8220; css=&#8220;.vc_custom_1641404635691{margin-top: 0px !important;padding-top: 2vh !important;padding-bottom: 5vh !important;padding-left: 0px !important;background-image: url(https:\/\/www.caraveando.es\/wp-content\/uploads\/dudas.jpg?id=2763) !important;}&#8220; el_class=&#8220;padding-doble-version&#8220; el_id=&#8220;Daten&#8220;][vc_column width=&#8220;1\/4&#8243; el_class=&#8220;columna-fondo&#8220; css=&#8220;.vc_custom_1641158685933{background-color: rgba(255,255,255,0.6) !important;*background-color: rgb(255,255,255) !important;}&#8220;][\/vc_column][vc_column width=&#8220;2\/3&#8243; el_class=&#8220;extra-padding-mobile&#8220; css=&#8220;.vc_custom_1641403592364{background-color: rgba(255,255,255,0.7) !important;*background-color: rgb(255,255,255) !important;}&#8220;][vc_column_text css_animation=&#8220;none&#8220; el_class=&#8220;resp-text2&#8243;]<\/p>\n<h2>Sie haben Fragen und brauchen Antworten?<\/h2>\n<p>Beispiel: Kann ich mit einer Debitkarte bezahlen? Woher wei\u00df ich, dass meine Reservierung best\u00e4tigt ist?<\/p>\n<p>Werfen Sie einen Blick auf unsere <span style=\"color: #3366ff;\"><a style=\"color: #3366ff;\" href=\"https:\/\/www.caraveando.com\/preguntas-frecuentes\/\">FAQ<\/a><\/span> -Seite (Frequently Asked Questions). Sie vermeiden \u00dcberraschungen.[\/vc_column_text][vc_column_text css_animation=&#8220;none&#8220; el_class=&#8220;resp-text2&#8243;]<\/p>\n<h2>M\u00f6chten Sie wissen, wie der Mietservice funktioniert?<\/h2>\n<p>Vom Anfang bis zum Ende. Auf diese Weise stellen Sie sicher, dass es schnell und effizient ist.<\/p>\n<p>Weil Sie Verpflichtungen haben, die Sie p\u00fcnktlich erreichen m\u00fcssen. Oder Sie wollen sich einfach das Warten ersparen.<\/p>\n<p>Besuchen Sie die Seite <a href=\"https:\/\/www.caraveando.com\/de\/?page_id=5923\"><span style=\"color: #3366ff;\">Wie es funktioniert<\/span><\/a> und finden Sie es heraus.[\/vc_column_text][\/vc_column][vc_column width=&#8220;1\/12&#8243;][\/vc_column][\/vc_row][vc_row full_width=&#8220;stretch_row_content_no_spaces&#8220; gap=&#8220;35&#8243; content_placement=&#8220;middle&#8220; parallax=&#8220;content-moving&#8220; parallax_speed_bg=&#8220;1.6&#8243; el_class=&#8220;padding-mob cabecera&#8220; css=&#8220;.vc_custom_1641657506145{background-image: url(https:\/\/www.caraveando.es\/wp-content\/uploads\/wedding-car.jpg?id=2765) !important;}&#8220; el_id=&#8220;Dienstleistungen&#8220;][vc_column width=&#8220;1\/12&#8243;][\/vc_column][vc_column width=&#8220;2\/3&#8243; css=&#8220;.vc_custom_1640042029918{padding-top: 40px !important;padding-right: 40px !important;padding-bottom: 40px !important;padding-left: 40px !important;background-color: rgba(255,255,255,0.8) !important;*background-color: rgb(255,255,255) !important;border-radius: 35px !important;}&#8220;][vc_column_text css_animation=&#8220;none&#8220; el_class=&#8220;resp-text2&#8243;]<\/p>\n<h2>M\u00f6chten Sie ein Auto f\u00fcr eine Hochzeit, ein Event oder ein Shooting mieten?<\/h2>\n<p>Dies sind festgelegte Tage mit unterschiedlichen Bed\u00fcrfnissen.<br \/>\nF\u00fcllen Sie das <u>Formular unten auf der Seite<\/u> aus und erkl\u00e4ren Sie, wonach Sie suchen.<\/p>\n<p>Wir werden den Service so weit wie m\u00f6glich anpassen.[\/vc_column_text][\/vc_column][vc_column width=&#8220;1\/4&#8243;][\/vc_column][\/vc_row][vc_row full_width=&#8220;stretch_row_content&#8220; css=&#8220;.vc_custom_1641402219975{margin-top: 0px !important;padding-top: 2vh !important;padding-bottom: 5vh !important;background-color: #fffffF !important;}&#8220; el_class=&#8220;padding-mob&#8220;][vc_column][vc_row_inner content_placement=&#8220;middle&#8220;][vc_column_inner width=&#8220;1\/6&#8243;][\/vc_column_inner][vc_column_inner width=&#8220;2\/3&#8243;][vc_column_text css=&#8220;.vc_custom_1641341857504{padding-bottom: 20px !important;}&#8220;]<\/p>\n<h2 style=\"text-align: center;\">Da Sie schon hier sind, warum nutzen Sie nicht die Gelegenheit, uns \u00fcber unser Formular zu kontaktieren?<\/h2>\n<p>[\/vc_column_text][\/vc_column_inner][vc_column_inner width=&#8220;1\/6&#8243;][\/vc_column_inner][\/vc_row_inner][vc_row_inner content_placement=&#8220;middle&#8220;][vc_column_inner width=&#8220;1\/6&#8243;][\/vc_column_inner][vc_column_inner width=&#8220;2\/3&#8243;][vc_column_text css=&#8220;.vc_custom_1641402354217{padding-bottom: 20px !important;}&#8220;]<\/p>\n<p style=\"text-align: center;\">F\u00fcllen Sie es aus Sagen Sie uns, wie wir Ihnen helfen k\u00f6nnen.<br \/>\nNach dem Absenden werden wir Sie innerhalb von 48 Stunden kontaktieren.<\/p>\n<p>[\/vc_column_text]\n<div class=\"wpcf7 no-js\" id=\"wpcf7-f1101-o1\" lang=\"es-ES\" dir=\"ltr\" data-wpcf7-id=\"1101\">\n<div class=\"screen-reader-response\"><p role=\"status\" aria-live=\"polite\" aria-atomic=\"true\"><\/p> <ul><\/ul><\/div>\n<form action=\"\/de\/wp-json\/wp\/v2\/pages\/5930#wpcf7-f1101-o1\" method=\"post\" class=\"wpcf7-form init\" aria-label=\"Formulario de contacto\" novalidate=\"novalidate\" data-status=\"init\">\n<fieldset class=\"hidden-fields-container\"><input type=\"hidden\" name=\"_wpcf7\" value=\"1101\" \/><input type=\"hidden\" name=\"_wpcf7_version\" value=\"6.1.2\" \/><input type=\"hidden\" name=\"_wpcf7_locale\" value=\"es_ES\" \/><input type=\"hidden\" name=\"_wpcf7_unit_tag\" value=\"wpcf7-f1101-o1\" \/><input type=\"hidden\" name=\"_wpcf7_container_post\" value=\"0\" \/><input type=\"hidden\" name=\"_wpcf7_posted_data_hash\" value=\"\" \/><input type=\"hidden\" name=\"_wpcf7_recaptcha_response\" value=\"\" \/>\n<\/fieldset>\n<div class=\"row\">\n <div class=\"col-sm-6\">\n  <span class=\"wpcf7-form-control-wrap\" data-name=\"your-name\"><input size=\"40\" maxlength=\"400\" class=\"wpcf7-form-control wpcf7-text wpcf7-validates-as-required\" aria-required=\"true\" aria-invalid=\"false\" placeholder=\"Nombre\" value=\"\" type=\"text\" name=\"your-name\" \/><\/span>\n <\/div>\n <div class=\"col-sm-6\">\n  <span class=\"wpcf7-form-control-wrap\" data-name=\"your-email\"><input size=\"40\" maxlength=\"400\" class=\"wpcf7-form-control wpcf7-email wpcf7-validates-as-required wpcf7-text wpcf7-validates-as-email\" aria-required=\"true\" aria-invalid=\"false\" placeholder=\"Email\" value=\"\" type=\"email\" name=\"your-email\" \/><\/span>\n <\/div>\n <div class=\"col-sm-6\">\n  <span class=\"wpcf7-form-control-wrap\" data-name=\"your-tel\"><input size=\"40\" maxlength=\"400\" class=\"wpcf7-form-control wpcf7-tel wpcf7-text wpcf7-validates-as-tel\" aria-invalid=\"false\" placeholder=\"Telefono\" value=\"\" type=\"tel\" name=\"your-tel\" \/><\/span>\n <\/div>\n <div class=\"col-sm-6\">\n <span class=\"wpcf7-form-control-wrap\" data-name=\"menu-753\"><select class=\"wpcf7-form-control wpcf7-select wpcf7-validates-as-required\" aria-required=\"true\" aria-invalid=\"false\" name=\"menu-753\"><option value=\"Asunto\">Asunto<\/option><option value=\"Consulta por reserva ya confirmada\">Consulta por reserva ya confirmada<\/option><option value=\"Alquiler de coches para bodas\">Alquiler de coches para bodas<\/option><option value=\"Alquiler de coches para eventos\">Alquiler de coches para eventos<\/option><option value=\"Informaci\u00f3n general\">Informaci\u00f3n general<\/option><option value=\"Comunicar errores\">Comunicar errores<\/option><option value=\"Otros\">Otros<\/option><\/select><\/span>\n <\/div>\n<\/div>\n<span class=\"wpcf7-form-control-wrap\" data-name=\"your-message\"><textarea cols=\"50\" rows=\"5\" maxlength=\"2000\" class=\"wpcf7-form-control wpcf7-textarea\" aria-invalid=\"false\" placeholder=\"Mensaje\" name=\"your-message\"><\/textarea><\/span>\n<span class=\"wpcf7-form-control-wrap\" data-name=\"your-consent\"><span class=\"wpcf7-form-control wpcf7-acceptance\"><span class=\"wpcf7-list-item\"><input type=\"checkbox\" name=\"your-consent\" value=\"1\" aria-invalid=\"false\" \/><\/span><\/span><\/span> He le\u00eddo y acepto la <a href=\"\/legal-notice\/\">pol\u00edtica de privacidad<\/a>.<br\/>\n\n<input class=\"wpcf7-form-control wpcf7-submit has-spinner\" type=\"submit\" value=\"Enviar\" \/><div class=\"wpcf7-response-output\" aria-hidden=\"true\"><\/div>\n<\/form>\n<\/div>\n[\/vc_column_inner][vc_column_inner width=&#8220;1\/6&#8243;][\/vc_column_inner][\/vc_row_inner][\/vc_column][\/vc_row]<\/p>\n<\/div>","protected":false},"excerpt":{"rendered":"<p>[vc_row full_width=&#8220;stretch_row_content_no_spaces&#8220; gap=&#8220;35&#8243; content_placement=&#8220;middle&#8220; css=&#8220;.vc_custom_1641399234153{padding-top: 10vh !important;padding-bottom: 10vh !important;background-image: url(https:\/\/www.caraveando.es\/wp-content\/uploads\/llamanos.jpg?id=2742) !important;}&#8220; el_class=&#8220;padding-mob cabecera&#8220;][vc_column width=&#8220;1\/12&#8243;][\/vc_column][vc_column width=&#8220;1\/2&#8243; css=&#8220;.vc_custom_1641399297100{padding-top: 40px !important;padding-right: 40px !important;padding-bottom: 40px !important;padding-left: 40px !important;background-color: rgba(255,255,255,0.75) !important;*background-color: rgb(255,255,255) !important;border-radius: 35px !important;}&#8220;][vc_column_text css=&#8220;.vc_custom_1641399150160{margin-bottom: 0px !important;}&#8220;] Sprechen Sie mit uns [\/vc_column_text][\/vc_column][vc_column width=&#8220;5\/12&#8243;][\/vc_column][\/vc_row][vc_row full_width=&#8220;stretch_row_content&#8220; css=&#8220;.vc_custom_1641339798407{margin-top: 0px !important;padding-top: 2vh !important;padding-right: 0px !important;padding-bottom: 5vh !important;background-image: url(https:\/\/www.caraveando.es\/wp-content\/uploads\/contact.jpg?id=2739) !important;}&#8220; el_class=&#8220;padding-mob&#8220; el_id=&#8220;Daten&#8220;][vc_column width=&#8220;1\/12&#8243; el_class=&#8220;columna-fondo&#8220;][\/vc_column][vc_column [&hellip;]<\/p>\n","protected":false},"author":12,"featured_media":4802,"parent":0,"menu_order":0,"comment_status":"closed","ping_status":"closed","template":"homepage.php","meta":{"footnotes":""},"class_list":["post-5930","page","type-page","status-publish","has-post-thumbnail","hentry"],"_links":{"self":[{"href":"https:\/\/www.caraveando.com\/de\/wp-json\/wp\/v2\/pages\/5930","targetHints":{"allow":["GET"]}}],"collection":[{"href":"https:\/\/www.caraveando.com\/de\/wp-json\/wp\/v2\/pages"}],"about":[{"href":"https:\/\/www.caraveando.com\/de\/wp-json\/wp\/v2\/types\/page"}],"author":[{"embeddable":true,"href":"https:\/\/www.caraveando.com\/de\/wp-json\/wp\/v2\/users\/12"}],"replies":[{"embeddable":true,"href":"https:\/\/www.caraveando.com\/de\/wp-json\/wp\/v2\/comments?post=5930"}],"version-history":[{"count":1,"href":"https:\/\/www.caraveando.com\/de\/wp-json\/wp\/v2\/pages\/5930\/revisions"}],"predecessor-version":[{"id":13271,"href":"https:\/\/www.caraveando.com\/de\/wp-json\/wp\/v2\/pages\/5930\/revisions\/13271"}],"wp:featuredmedia":[{"embeddable":true,"href":"https:\/\/www.caraveando.com\/de\/wp-json\/wp\/v2\/media\/4802"}],"wp:attachment":[{"href":"https:\/\/www.caraveando.com\/de\/wp-json\/wp\/v2\/media?parent=5930"}],"curies":[{"name":"wp","href":"https:\/\/api.w.org\/{rel}","templated":true}]}}