{"id":5138,"date":"2022-05-19T11:37:20","date_gmt":"2022-05-19T09:37:20","guid":{"rendered":"https:\/\/www.caraveando.com\/rechtlicher-hinweis\/"},"modified":"2025-11-19T16:03:23","modified_gmt":"2025-11-19T15:03:23","slug":"rechtlicher-hinweis","status":"publish","type":"page","link":"https:\/\/www.caraveando.com\/de\/rechtlicher-hinweis\/","title":{"rendered":"Rechtliche Hinweise"},"content":{"rendered":"<header class=\"entry-header\">\n<div class=\"entry-header-inner\">\n<div class=\"entry-title\">\n<h2>Identifikation und Eigentum<\/h2>\n<\/div>\n<\/div>\n<\/header>\n<div id=\"primary\" class=\"content-area page off\">\n<article id=\"post-19\" class=\"post-19 page type-page status-publish hentry\">\n<div class=\"entry-content\">\n<p>Die Identifikationsdaten des Eigent\u00fcmers sind nachstehend aufgef\u00fchrt.<\/p>\n<ul>\n<li><b>Eigent\u00fcmer:<\/b> Caraveando Renting SL.<\/li>\n<li><b>NIF:<\/b> B67232488<\/li>\n<li>Eingetragen im Handelsregister von Barcelona, Band 46479, Buch, Abschnitt, Blatt 45, Seite B, Eintrag 1.<\/li>\n<li><b>Adresse:<\/b> Passeig del Tim\u00f3 6, 08860 Castelldefels, Barcelona &#8211; Spanien.<\/li>\n<li>E- <b>Mail:<\/b> info@caraveando.com<\/li>\n<li><b>Website:<\/b> <a href=\"https:\/\/www.caraveando.com\/de\/\">https:\/\/caraveando.com<\/a><\/li>\n<\/ul>\n<h2>Zweck<\/h2>\n<p>Zweck der Website <a href=\"https:\/\/www.caraveando.com\/de\/\">https:\/\/caraveando.com<\/a> ist die Vermietung\/\u00dcberlassung von Wohnmobilen, Fahrzeugen und die Erbringung von Dienstleistungen.<\/p>\n<h2>Nutzungsbedingungen<\/h2>\n<p>Die Nutzung der Website gew\u00e4hrt Ihnen die Bedingung eines Benutzers und impliziert die vollst\u00e4ndige Annahme aller auf den Seiten enthaltenen Klauseln und Nutzungsbedingungen:<\/p>\n<ul>\n<li><a href=\"https:\/\/www.caraveando.com\/de\/rechtlicher-hinweis\/\">Rechtlicher Hinweis<\/a><\/li>\n<li><a href=\"https:\/\/www.caraveando.com\/politica-de-privacidad\/\">Datenschutz-Bestimmungen<\/a><\/li>\n<li><a href=\"https:\/\/www.caraveando.com\/de\/?page_id=6094\">Cookie-Richtlinie<\/a><\/li>\n<\/ul>\n<p>&nbsp;<\/p>\n<p>Wenn Sie nicht mit jeder einzelnen dieser Klauseln und Bedingungen einverstanden sind, unterlassen Sie die Nutzung dieser Website.<\/p>\n<p>Der Zugriff auf diese Website impliziert in keiner Weise den Beginn einer Gesch\u00e4ftsbeziehung mit Caraveando Renting SL.<\/p>\n<p>\u00dcber diese Website erleichtert der Eigent\u00fcmer den Zugang und die Nutzung verschiedener Inhalte, die der Eigent\u00fcmer oder seine Mitarbeiter \u00fcber das Internet ver\u00f6ffentlicht haben.<\/p>\n<p>Zu diesem Zweck sind Sie verpflichtet, die Inhalte der Website NICHT f\u00fcr illegale Zwecke oder Wirkungen zu verwenden, die in diesem rechtlichen Hinweis oder durch geltende Gesetze verboten sind, die Rechte und Interessen Dritter beeintr\u00e4chtigen oder in irgendeiner Weise die normale Nutzung der Inhalte, Dokumente, Dateien und aller Arten von Inhalten, die in einer Computerausr\u00fcstung gespeichert sind, die Caraveando Renting SL, anderen Benutzern oder Benutzern des Internets geh\u00f6rt oder von Caraveando Renting SL unter Vertrag genommen wird, besch\u00e4digen, deaktivieren, \u00fcberlasten, verschlechtern oder verhindern.<\/p>\n<p>Der Eigent\u00fcmer beh\u00e4lt sich das Recht vor, alle Kommentare zur\u00fcckzuziehen, die gegen geltendes Recht versto\u00dfen, die Rechte oder Interessen Dritter verletzen oder die seiner Meinung nach nicht zur Ver\u00f6ffentlichung geeignet sind.<\/p>\n<p>Caraveando Renting SL ist gem\u00e4\u00df den Bestimmungen der geltenden Vorschriften nicht verantwortlich f\u00fcr die Meinungen, die von Benutzern \u00fcber das Kommentarsystem oder anderes ge\u00e4u\u00dfert werden.<\/p>\n<h2>Vollj\u00e4hrigkeit<\/h2>\n<p>Sie m\u00fcssen mindestens 18 Jahre alt sein, um die von Caraveando Renting SL angebotenen Dienste zu nutzen, oder das in Ihrem Land erforderliche Alter f\u00fcr die Registrierung auf der Website oder deren Nutzung haben. Wenn Sie in einem Land au\u00dferhalb der Europ\u00e4ischen Region wohnen, m\u00fcssen Sie mindestens 13 Jahre alt sein, um die Website zu nutzen, oder das in Ihrem Land erforderliche Alter der Vollj\u00e4hrigkeit erreicht haben, um sich bei der Website zu registrieren oder die Website zu nutzen.<\/p>\n<p>Wenn Sie nicht alt genug sind, um die Bedingungen in Ihrem Land zu akzeptieren, m\u00fcssen Ihre Eltern oder Erziehungsberechtigten nicht nur das f\u00fcr die Nutzung der Website nach geltendem Recht erforderliche Mindestalter haben, sondern auch Ihre Eltern oder Erziehungsberechtigten den Bedingungen in Ihrem Namen zustimmen.<\/p>\n<h2>Sicherheitsma\u00dfnahmen<\/h2>\n<p>Die personenbezogenen Daten, die Sie dem Inhaber zur Verf\u00fcgung stellen, k\u00f6nnen in automatisierten Datenbanken gespeichert werden oder nicht, deren Eigentum ausschlie\u00dflich Caraveando Renting SL ist, das alle technischen, organisatorischen und Sicherheitsma\u00dfnahmen \u00fcbernimmt, die die Vertraulichkeit, Integrit\u00e4t und Qualit\u00e4t der darin enthaltenen Informationen gew\u00e4hrleisten gem\u00e4\u00df den Bestimmungen der geltenden Datenschutzbestimmungen.<\/p>\n<p>Sie m\u00fcssen sich jedoch dar\u00fcber im Klaren sein, dass die Sicherheitsma\u00dfnahmen von Computersystemen im Internet nicht vollst\u00e4ndig zuverl\u00e4ssig sind und dass der Eigent\u00fcmer daher nicht garantieren kann, dass keine Viren oder andere Elemente vorhanden sind, die \u00c4nderungen an Computersystemen (Software und Hardware) f\u00fcr die Benutzer oder in seinen darin enthaltenen elektronischen Dokumenten und Dateien verursachen k\u00f6nnen, obwohl der Inhaber alle erforderlichen Mittel einsetzt und die geeigneten Sicherheitsma\u00dfnahmen ergreift, um das Vorhandensein dieser sch\u00e4dlichen Elemente zu vermeiden.<\/p>\n<h2>Verarbeitung personenbezogener Daten<\/h2>\n<p>Sie k\u00f6nnen alle Informationen zur Verarbeitung personenbezogener Daten, die vom Eigent\u00fcmer erhoben werden, auf der Seite <a href=\"https:\/\/www.caraveando.com\/politica-de-privacidad\/\">Datenschutzrichtlinie einsehen<\/a> .<\/p>\n<h2>Inhalt<\/h2>\n<p>Der Eigent\u00fcmer hat die auf der Website enthaltenen Informationen, Multimedia-Inhalte und Materialien aus Quellen bezogen, die er f\u00fcr zuverl\u00e4ssig h\u00e4lt, aber obwohl er alle angemessenen Ma\u00dfnahmen ergriffen hat, um sicherzustellen, dass die enthaltenen Informationen korrekt sind, garantiert der Eigent\u00fcmer nicht, dass sie genau sind, vollst\u00e4ndig oder aktualisiert. Caraveando Renting SL lehnt ausdr\u00fccklich jede Verantwortung f\u00fcr Fehler oder Auslassungen in den auf den Seiten dieser Website enthaltenen Informationen ab.<\/p>\n<p>Es ist verboten, \u00fcber die Website illegale oder unerlaubte Inhalte, Computerviren oder Nachrichten zu \u00fcbertragen oder zu versenden, die im Allgemeinen die Rechte des Eigent\u00fcmers oder Dritter beeintr\u00e4chtigen oder verletzen.<\/p>\n<p>Die Inhalte von <a href=\"https:\/\/www.caraveando.com\/de\/\">https:\/\/caraveando.com<\/a> dienen nur zu Informationszwecken und sollten unter keinen Umst\u00e4nden als Verkaufsangebot, Aufforderung zur Abgabe eines Kaufangebots oder Empfehlung zur Durchf\u00fchrung eines anderen Vorgangs verwendet oder betrachtet werden, sofern nicht ausdr\u00fccklich angegeben.<\/p>\n<p>Caraveando Renting SL beh\u00e4lt sich das Recht vor, den Inhalt von <a href=\"https:\/\/www.caraveando.com\/de\/\">https:\/\/caraveando.com<\/a> , die Links oder die \u00fcber die Website erhaltenen Informationen ohne vorherige Ank\u00fcndigung zu \u00e4ndern, auszusetzen, zu l\u00f6schen oder einzuschr\u00e4nken.<\/p>\n<p>Caraveando Renting SL haftet nicht f\u00fcr Sch\u00e4den, die durch die Nutzung der Informationen auf der Website entstehen k\u00f6nnen.<\/p>\n<h2>Cookie-Richtlinie<\/h2>\n<p>Auf der Seite Cookie- <a href=\"https:\/\/www.caraveando.com\/de\/?page_id=6094\">Richtlinie<\/a> k\u00f6nnen Sie alle Informationen zur Cookie-Erfassungs- und -Behandlungsrichtlinie einsehen.<\/p>\n<h2>Links zu anderen Websites<\/h2>\n<p>Der Eigent\u00fcmer kann Ihnen \u00fcber Links Zugang zu Websites Dritter gew\u00e4hren, die ausschlie\u00dflich dazu dienen, Sie \u00fcber das Vorhandensein anderer Informationsquellen im Internet zu informieren, in denen Sie die auf der Website angebotenen Daten erweitern k\u00f6nnen.<\/p>\n<p>Diese Links zu anderen Websites implizieren in keinem Fall einen Vorschlag oder eine Empfehlung f\u00fcr Sie, die Zielwebseiten zu besuchen, die au\u00dferhalb der Kontrolle des Eigent\u00fcmers liegen, daher ist Caraveando Renting SL nicht verantwortlich f\u00fcr den Inhalt der verlinkten Websites oder des Ergebnis, wenn Sie den Links folgen.<\/p>\n<p>Ebenso ist Caraveando Renting SL nicht verantwortlich f\u00fcr die Links, die sich auf den verlinkten Websites befinden, zu denen es Zugang gew\u00e4hrt.<\/p>\n<p>Die Einrichtung des Links impliziert in keinem Fall das Bestehen von Beziehungen zwischen Caraveando Renting SL und dem Eigent\u00fcmer der Website, auf der der Link eingerichtet wird, noch die Annahme oder Genehmigung ihrer Inhalte oder Dienstleistungen durch den Eigent\u00fcmer.<\/p>\n<p>Wenn Sie \u00fcber einen Link auf <a href=\"https:\/\/www.caraveando.com\/de\/\">https:\/\/caraveando.com<\/a> auf eine externe Website zugreifen, sollten Sie die Datenschutzrichtlinie der anderen Website lesen, die sich von der dieser Website unterscheiden kann.<\/p>\n<h2>Geistiges und gewerbliches Eigentum<\/h2>\n<p>Alle Rechte vorbehalten.<\/p>\n<p>Jeder Zugriff auf diese Website unterliegt den folgenden Bedingungen: Die Vervielf\u00e4ltigung, dauerhafte Speicherung und Verbreitung der Inhalte oder jede andere Nutzung, die einem \u00f6ffentlichen oder kommerziellen Zweck dient, ist ohne vorherige ausdr\u00fcckliche schriftliche Zustimmung von Caraveando Renting SL ausdr\u00fccklich untersagt.<\/p>\n<h2>Haftungsbeschr\u00e4nkung<\/h2>\n<p>Die Informationen und Dienste, die auf dieser Website enthalten oder verf\u00fcgbar sind, k\u00f6nnen Ungenauigkeiten oder typografische Fehler enthalten. Der Inhaber nimmt regelm\u00e4\u00dfig Verbesserungen und\/oder \u00c4nderungen an den enthaltenen Informationen und\/oder den Diensten auf, die jederzeit eingef\u00fchrt werden k\u00f6nnen.<\/p>\n<p>Der Eigent\u00fcmer erkl\u00e4rt oder garantiert nicht, dass die Dienste oder Inhalte unterbrochen werden oder fehlerfrei sind, dass M\u00e4ngel behoben werden oder dass der Dienst oder der Server, der ihn zur Verf\u00fcgung steht, frei von Viren oder anderen sch\u00e4dlichen Komponenten sind, ungeachtet dessen, dass der Inhaber sich bem\u00fcht nach besten Kr\u00e4ften, derartige Vorf\u00e4lle zu vermeiden.<\/p>\n<p>Caraveando Renting SL lehnt jede Verantwortung im Falle von Unterbrechungen oder Fehlfunktionen der im Internet angebotenen Dienste oder Inhalte ab, unabh\u00e4ngig von deren Ursache. Ebenso ist der Inhaber nicht verantwortlich f\u00fcr Netzausf\u00e4lle, Gesch\u00e4ftsverluste infolge solcher Ausf\u00e4lle, vor\u00fcbergehende Unterbrechungen der Stromversorgung oder andere indirekte Sch\u00e4den, die verursacht werden k\u00f6nnen und au\u00dferhalb der Kontrolle des Inhabers liegen.<\/p>\n<p>Bevor Sie Entscheidungen und\/oder Ma\u00dfnahmen auf der Grundlage der auf der Website enthaltenen Informationen treffen, empfiehlt Ihnen der Eigent\u00fcmer, die erhaltenen Informationen zu \u00fcberpr\u00fcfen und mit anderen Quellen abzugleichen.<\/p>\n<h2>Ausschlussrecht<\/h2>\n<p>Caraveando Renting SL beh\u00e4lt sich das Recht vor, den Zugriff auf die Website und die angebotenen Dienste ohne vorherige Ank\u00fcndigung auf eigenen Antrag oder den eines Dritten f\u00fcr Benutzer zu verweigern oder zu entziehen, die gegen eine der Bedingungen dieser rechtlichen Hinweise versto\u00dfen.<\/p>\n<h2>Kontakt<\/h2>\n<p>Wenn Sie Fragen zu diesen rechtlichen Bedingungen haben oder Kommentare zu dieser Website abgeben m\u00f6chten, k\u00f6nnen Sie eine E-Mail an die Adresse info senden[at] caraveando.com.<\/p>\n<p>Wir verwenden Hotjar, um die Bed\u00fcrfnisse unserer Nutzer besser zu verstehen und diesen Service und diese Erfahrung zu optimieren. Hotjar ist ein Technologiedienst, der uns hilft, die Erfahrung unserer Benutzer besser zu verstehen (z. B. wie lange sie auf welchen Seiten verbringen, welche Links sie anklicken, was Benutzer m\u00f6gen und was nicht usw.) und dies erm\u00f6glicht uns, unser Service mit Benutzerfeedback aufzubauen und zu pflegen. Hotjar verwendet Cookies und andere Technologien, um Daten \u00fcber das Verhalten unserer Nutzer und ihrer Ger\u00e4te zu sammeln. Dazu geh\u00f6ren die IP-Adresse eines Ger\u00e4ts (w\u00e4hrend Ihrer Sitzung verarbeitet und in nicht identifizierter Form gespeichert), die Bildschirmgr\u00f6\u00dfe des Ger\u00e4ts, der Ger\u00e4tetyp (eindeutige Ger\u00e4tekennungen), Browserinformationen, der geografische Standort (nur Land) und die bevorzugte Sprache, die zum Anzeigen unserer Website verwendet wird. Hotjar speichert diese Informationen in unserem Auftrag in einem pseudonymisierten Nutzerprofil. Hotjar ist es vertraglich untersagt, die in unserem Auftrag erhobenen Daten zu verkaufen.<\/p>\n<p>Weitere Einzelheiten finden Sie im Abschnitt \u201e\u00dcber Hotjar\u201c auf der Hotjar- <a href=\"https:\/\/help.hotjar.com\/hc\/en-us\/categories\/115001323967-About-Hotjar\" rel=\"noopener\" target=\"_blank\">Support-Website<\/a> .<\/p>\n<\/div>\n<\/article>\n<p>&nbsp;<\/p>\n<\/div>\n","protected":false},"excerpt":{"rendered":"<p>Identifikation und Eigentum Die Identifikationsdaten des Eigent\u00fcmers sind nachstehend aufgef\u00fchrt. Eigent\u00fcmer: Caraveando Renting SL. NIF: B67232488 Eingetragen im Handelsregister von Barcelona, Band 46479, Buch, Abschnitt, Blatt 45, Seite B, Eintrag 1. Adresse: Passeig del Tim\u00f3 6, 08860 Castelldefels, Barcelona &#8211; Spanien. E- Mail: info@caraveando.com Website: https:\/\/caraveando.com Zweck Zweck der Website https:\/\/caraveando.com ist die Vermietung\/\u00dcberlassung von [&hellip;]<\/p>\n","protected":false},"author":12,"featured_media":0,"parent":0,"menu_order":0,"comment_status":"closed","ping_status":"closed","template":"","meta":{"footnotes":""},"class_list":["post-5138","page","type-page","status-publish","hentry"],"_links":{"self":[{"href":"https:\/\/www.caraveando.com\/de\/wp-json\/wp\/v2\/pages\/5138","targetHints":{"allow":["GET"]}}],"collection":[{"href":"https:\/\/www.caraveando.com\/de\/wp-json\/wp\/v2\/pages"}],"about":[{"href":"https:\/\/www.caraveando.com\/de\/wp-json\/wp\/v2\/types\/page"}],"author":[{"embeddable":true,"href":"https:\/\/www.caraveando.com\/de\/wp-json\/wp\/v2\/users\/12"}],"replies":[{"embeddable":true,"href":"https:\/\/www.caraveando.com\/de\/wp-json\/wp\/v2\/comments?post=5138"}],"version-history":[{"count":1,"href":"https:\/\/www.caraveando.com\/de\/wp-json\/wp\/v2\/pages\/5138\/revisions"}],"predecessor-version":[{"id":13282,"href":"https:\/\/www.caraveando.com\/de\/wp-json\/wp\/v2\/pages\/5138\/revisions\/13282"}],"wp:attachment":[{"href":"https:\/\/www.caraveando.com\/de\/wp-json\/wp\/v2\/media?parent=5138"}],"curies":[{"name":"wp","href":"https:\/\/api.w.org\/{rel}","templated":true}]}}